
{"id":1860,"date":"2017-09-11T10:59:59","date_gmt":"2017-09-11T10:59:59","guid":{"rendered":"http:\/\/apartmentbrela.com\/booking\/"},"modified":"2017-09-25T19:43:13","modified_gmt":"2017-09-25T19:43:13","slug":"booking","status":"publish","type":"page","link":"http:\/\/apartmentbrela.com\/de\/booking\/","title":{"rendered":"Reservierung"},"content":{"rendered":"<p>[vc_row][vc_column width=&#8221;3\/4&#8243;][vc_column_text]<strong>Geben Se bitte Ihre Angaben e<\/strong>in[\/vc_column_text][vc_column_text]\n<div class=\"wpcf7 no-js\" id=\"wpcf7-f1861-o1\" lang=\"en-US\" dir=\"ltr\">\n<div class=\"screen-reader-response\"><p role=\"status\" aria-live=\"polite\" aria-atomic=\"true\"><\/p> <ul><\/ul><\/div>\n<form action=\"\/de\/wp-json\/wp\/v2\/pages\/1860#wpcf7-f1861-o1\" method=\"post\" class=\"wpcf7-form init\" aria-label=\"Contact form\" novalidate=\"novalidate\" data-status=\"init\">\n<div style=\"display: none;\">\n<input type=\"hidden\" name=\"_wpcf7\" value=\"1861\" \/>\n<input type=\"hidden\" name=\"_wpcf7_version\" value=\"5.7.6\" \/>\n<input type=\"hidden\" name=\"_wpcf7_locale\" value=\"en_US\" \/>\n<input type=\"hidden\" name=\"_wpcf7_unit_tag\" value=\"wpcf7-f1861-o1\" \/>\n<input type=\"hidden\" name=\"_wpcf7_container_post\" value=\"0\" \/>\n<input type=\"hidden\" name=\"_wpcf7_posted_data_hash\" value=\"\" \/>\n<input type=\"hidden\" name=\"_wpcf7_recaptcha_response\" value=\"\" \/>\n<\/div>\n<div class=\"overflow\">\n\t<div class=\"w50\">\n\t\t<p><label> Name *<br \/>\n<span class=\"wpcf7-form-control-wrap\" data-name=\"your-name\"><input size=\"40\" class=\"wpcf7-form-control wpcf7-text wpcf7-validates-as-required\" aria-required=\"true\" aria-invalid=\"false\" value=\"\" type=\"text\" name=\"your-name\" \/><\/span> <\/label>\n\t\t<\/p>\n\t\t<p><label> Email *<br \/>\n<span class=\"wpcf7-form-control-wrap\" data-name=\"your-email\"><input size=\"40\" class=\"wpcf7-form-control wpcf7-text wpcf7-email wpcf7-validates-as-required wpcf7-validates-as-email\" aria-required=\"true\" aria-invalid=\"false\" value=\"\" type=\"email\" name=\"your-email\" \/><\/span> <\/label>\n\t\t<\/p>\n\t\t<p><label> Adresse<br \/>\n<span class=\"wpcf7-form-control-wrap\" data-name=\"your-address\"><input size=\"40\" class=\"wpcf7-form-control wpcf7-text\" aria-invalid=\"false\" value=\"\" type=\"text\" name=\"your-address\" \/><\/span> <\/label>\n\t\t<\/p>\n\t\t<p><label> Stadt<br \/>\n<span class=\"wpcf7-form-control-wrap\" data-name=\"city\"><input size=\"40\" class=\"wpcf7-form-control wpcf7-text\" aria-invalid=\"false\" value=\"\" type=\"text\" name=\"city\" \/><\/span> <\/label>\n\t\t<\/p>\n\t\t<p><label> Land *<br \/>\n<span class=\"wpcf7-form-control-wrap\" data-name=\"country\"><input size=\"40\" class=\"wpcf7-form-control wpcf7-text wpcf7-validates-as-required\" aria-required=\"true\" aria-invalid=\"false\" value=\"\" type=\"text\" name=\"country\" \/><\/span> <\/label>\n\t\t<\/p>\n\t\t<p><label> Telefon<br \/>\n<span class=\"wpcf7-form-control-wrap\" data-name=\"phone\"><input size=\"40\" class=\"wpcf7-form-control wpcf7-text\" aria-invalid=\"false\" value=\"\" type=\"text\" name=\"phone\" \/><\/span> <\/label>\n\t\t<\/p>\n\t<\/div>\n\t<div class=\"w50\">\n\t\t<p><label> Fax<br \/>\n<span class=\"wpcf7-form-control-wrap\" data-name=\"fax\"><input size=\"40\" class=\"wpcf7-form-control wpcf7-text\" aria-invalid=\"false\" value=\"\" type=\"text\" name=\"fax\" \/><\/span> <\/label>\n\t\t<\/p>\n\t\t<p><label> Erwachsene *<br \/>\n<span class=\"wpcf7-form-control-wrap\" data-name=\"adults\"><input size=\"40\" class=\"wpcf7-form-control wpcf7-text wpcf7-validates-as-required\" aria-required=\"true\" aria-invalid=\"false\" value=\"\" type=\"text\" name=\"adults\" \/><\/span> <\/label>\n\t\t<\/p>\n\t\t<p><label> Kinder *<br \/>\n<span class=\"wpcf7-form-control-wrap\" data-name=\"children\"><input size=\"40\" class=\"wpcf7-form-control wpcf7-text wpcf7-validates-as-required\" aria-required=\"true\" aria-invalid=\"false\" value=\"\" type=\"text\" name=\"children\" \/><\/span> <\/label>\n\t\t<\/p>\n\t\t<p><label> Ankunftsdatum<br \/>\n<span class=\"wpcf7-form-control-wrap\" data-name=\"arrival\"><input class=\"wpcf7-form-control wpcf7-date wpcf7-validates-as-date\" aria-invalid=\"false\" value=\"\" type=\"date\" name=\"arrival\" \/><\/span> <\/label>\n\t\t<\/p>\n\t\t<p><label> Abreisedatum<br \/>\n<span class=\"wpcf7-form-control-wrap\" data-name=\"departure\"><input class=\"wpcf7-form-control wpcf7-date wpcf7-validates-as-date\" aria-invalid=\"false\" value=\"\" type=\"date\" name=\"departure\" \/><\/span> <\/label>\n\t\t<\/p>\n\t\t<p><label> Wohnungstyp *<br \/>\n<span class=\"wpcf7-form-control-wrap\" data-name=\"type\"><select class=\"wpcf7-form-control wpcf7-select wpcf7-validates-as-required\" aria-required=\"true\" aria-invalid=\"false\" name=\"type\"><option value=\"Zimmer 3 (2+1)\">Zimmer 3 (2+1)<\/option><option value=\"Zimmer 4 (2+1)\">Zimmer 4 (2+1)<\/option><option value=\"Ap 4 (2+1)\">Ap 4 (2+1)<\/option><option value=\"AP 5 (2+1)\">AP 5 (2+1)<\/option><option value=\"AP 6 (2+1)\">AP 6 (2+1)<\/option><option value=\"AP 7 (2+2)\">AP 7 (2+2)<\/option><option value=\"AP 8 (4+2)\">AP 8 (4+2)<\/option><option value=\"AP 10 (2+2)\">AP 10 (2+2)<\/option><option value=\"AP 1 (2+3)\">AP 1 (2+3)<\/option><option value=\"AP PR (6+3)\">AP PR (6+3)<\/option><option value=\"Sonderangebot\">Sonderangebot<\/option><\/select><\/span><\/label>\n\t\t<\/p>\n\t<\/div>\n<\/div>\n<p><label> Andere<br \/>\n<span class=\"wpcf7-form-control-wrap\" data-name=\"other\"><textarea cols=\"40\" rows=\"10\" class=\"wpcf7-form-control wpcf7-textarea\" aria-invalid=\"false\" name=\"other\"><\/textarea><\/span> <\/label>\n<\/p>\n\n<p><span style=\"font-size:12px; display:block; padding: 20px 0;\">Ihre Daten werden auf dem E-Mail-Server gespeichert und ausschlie\u00dflich f\u00fcr die Kommunikation mit Ihnen auf der eingereichten Anfrage verwendet und nicht ohne Ihr ausdr\u00fcckliches Privileg an Dritte weitergegeben.<\/span>\n<\/p>\n<div class=\"overflow\">\n\t<p><input class=\"wpcf7-form-control has-spinner wpcf7-submit\" type=\"submit\" value=\"Senden\" \/>\n\t<\/p>\n<\/div><div class=\"wpcf7-response-output\" aria-hidden=\"true\"><\/div>\n<\/form>\n<\/div>\n[\/vc_column_text][\/vc_column][vc_column width=&#8221;1\/4&#8243;][vc_widget_sidebar sidebar_id=&#8221;main-sidebar&#8221;][\/vc_column][\/vc_row]<\/p>\n","protected":false},"excerpt":{"rendered":"<p>[vc_row][vc_column width=&#8221;3\/4&#8243;][vc_column_text]Geben Se bitte Ihre Angaben ein[\/vc_column_text][vc_column_text][\/vc_column_text][\/vc_column][vc_column width=&#8221;1\/4&#8243;][vc_widget_sidebar sidebar_id=&#8221;main-sidebar&#8221;][\/vc_column][\/vc_row]<\/p>\n","protected":false},"author":1,"featured_media":2390,"parent":0,"menu_order":0,"comment_status":"closed","ping_status":"closed","template":"","meta":[],"yoast_head":"<!-- This site is optimized with the Yoast SEO plugin v20.6 - https:\/\/yoast.com\/wordpress\/plugins\/seo\/ -->\n<title>Reservierung - Apartment Brela<\/title>\n<meta name=\"robots\" content=\"index, follow, max-snippet:-1, max-image-preview:large, max-video-preview:-1\" \/>\n<link rel=\"canonical\" href=\"https:\/\/apartmentbrela.com\/de\/booking\/\" \/>\n<meta property=\"og:locale\" content=\"de_DE\" \/>\n<meta property=\"og:type\" content=\"article\" \/>\n<meta property=\"og:title\" content=\"Reservierung - Apartment Brela\" \/>\n<meta property=\"og:description\" content=\"[vc_row][vc_column width=&#8221;3\/4&#8243;][vc_column_text]Geben Se bitte Ihre Angaben ein[\/vc_column_text][vc_column_text][\/vc_column_text][\/vc_column][vc_column width=&#8221;1\/4&#8243;][vc_widget_sidebar sidebar_id=&#8221;main-sidebar&#8221;][\/vc_column][\/vc_row]\" \/>\n<meta property=\"og:url\" content=\"https:\/\/apartmentbrela.com\/de\/booking\/\" \/>\n<meta property=\"og:site_name\" content=\"Apartment Brela\" \/>\n<meta property=\"article:publisher\" content=\"https:\/\/www.facebook.com\/Apartmanistanicicbrela\/\" \/>\n<meta property=\"article:modified_time\" content=\"2017-09-25T19:43:13+00:00\" \/>\n<meta property=\"og:image\" content=\"https:\/\/apartmentbrela.com\/wp-content\/uploads\/2017\/09\/24.03-1.jpg\" \/>\n\t<meta property=\"og:image:width\" content=\"1920\" \/>\n\t<meta property=\"og:image:height\" content=\"962\" \/>\n\t<meta property=\"og:image:type\" content=\"image\/jpeg\" \/>\n<meta name=\"twitter:card\" content=\"summary_large_image\" \/>\n<script type=\"application\/ld+json\" class=\"yoast-schema-graph\">{\"@context\":\"https:\/\/schema.org\",\"@graph\":[{\"@type\":\"WebPage\",\"@id\":\"https:\/\/apartmentbrela.com\/de\/booking\/\",\"url\":\"https:\/\/apartmentbrela.com\/de\/booking\/\",\"name\":\"Reservierung - Apartment Brela\",\"isPartOf\":{\"@id\":\"https:\/\/apartmentbrela.com\/#website\"},\"datePublished\":\"2017-09-11T10:59:59+00:00\",\"dateModified\":\"2017-09-25T19:43:13+00:00\",\"breadcrumb\":{\"@id\":\"https:\/\/apartmentbrela.com\/de\/booking\/#breadcrumb\"},\"inLanguage\":\"de\",\"potentialAction\":[{\"@type\":\"ReadAction\",\"target\":[\"https:\/\/apartmentbrela.com\/de\/booking\/\"]}]},{\"@type\":\"BreadcrumbList\",\"@id\":\"https:\/\/apartmentbrela.com\/de\/booking\/#breadcrumb\",\"itemListElement\":[{\"@type\":\"ListItem\",\"position\":1,\"name\":\"Home\",\"item\":\"http:\/\/apartmentbrela.com\/de\/\"},{\"@type\":\"ListItem\",\"position\":2,\"name\":\"Reservierung\"}]},{\"@type\":\"WebSite\",\"@id\":\"https:\/\/apartmentbrela.com\/#website\",\"url\":\"https:\/\/apartmentbrela.com\/\",\"name\":\"Apartment Brela\",\"description\":\"Mirko Stani\u010di\u0107\",\"potentialAction\":[{\"@type\":\"SearchAction\",\"target\":{\"@type\":\"EntryPoint\",\"urlTemplate\":\"https:\/\/apartmentbrela.com\/?s={search_term_string}\"},\"query-input\":\"required name=search_term_string\"}],\"inLanguage\":\"de\"}]}<\/script>\n<!-- \/ Yoast SEO plugin. -->","yoast_head_json":{"title":"Reservierung - Apartment Brela","robots":{"index":"index","follow":"follow","max-snippet":"max-snippet:-1","max-image-preview":"max-image-preview:large","max-video-preview":"max-video-preview:-1"},"canonical":"https:\/\/apartmentbrela.com\/de\/booking\/","og_locale":"de_DE","og_type":"article","og_title":"Reservierung - Apartment Brela","og_description":"[vc_row][vc_column width=&#8221;3\/4&#8243;][vc_column_text]Geben Se bitte Ihre Angaben ein[\/vc_column_text][vc_column_text][\/vc_column_text][\/vc_column][vc_column width=&#8221;1\/4&#8243;][vc_widget_sidebar sidebar_id=&#8221;main-sidebar&#8221;][\/vc_column][\/vc_row]","og_url":"https:\/\/apartmentbrela.com\/de\/booking\/","og_site_name":"Apartment Brela","article_publisher":"https:\/\/www.facebook.com\/Apartmanistanicicbrela\/","article_modified_time":"2017-09-25T19:43:13+00:00","og_image":[{"width":1920,"height":962,"url":"https:\/\/apartmentbrela.com\/wp-content\/uploads\/2017\/09\/24.03-1.jpg","type":"image\/jpeg"}],"twitter_card":"summary_large_image","schema":{"@context":"https:\/\/schema.org","@graph":[{"@type":"WebPage","@id":"https:\/\/apartmentbrela.com\/de\/booking\/","url":"https:\/\/apartmentbrela.com\/de\/booking\/","name":"Reservierung - Apartment Brela","isPartOf":{"@id":"https:\/\/apartmentbrela.com\/#website"},"datePublished":"2017-09-11T10:59:59+00:00","dateModified":"2017-09-25T19:43:13+00:00","breadcrumb":{"@id":"https:\/\/apartmentbrela.com\/de\/booking\/#breadcrumb"},"inLanguage":"de","potentialAction":[{"@type":"ReadAction","target":["https:\/\/apartmentbrela.com\/de\/booking\/"]}]},{"@type":"BreadcrumbList","@id":"https:\/\/apartmentbrela.com\/de\/booking\/#breadcrumb","itemListElement":[{"@type":"ListItem","position":1,"name":"Home","item":"http:\/\/apartmentbrela.com\/de\/"},{"@type":"ListItem","position":2,"name":"Reservierung"}]},{"@type":"WebSite","@id":"https:\/\/apartmentbrela.com\/#website","url":"https:\/\/apartmentbrela.com\/","name":"Apartment Brela","description":"Mirko Stani\u010di\u0107","potentialAction":[{"@type":"SearchAction","target":{"@type":"EntryPoint","urlTemplate":"https:\/\/apartmentbrela.com\/?s={search_term_string}"},"query-input":"required name=search_term_string"}],"inLanguage":"de"}]}},"_links":{"self":[{"href":"http:\/\/apartmentbrela.com\/de\/wp-json\/wp\/v2\/pages\/1860"}],"collection":[{"href":"http:\/\/apartmentbrela.com\/de\/wp-json\/wp\/v2\/pages"}],"about":[{"href":"http:\/\/apartmentbrela.com\/de\/wp-json\/wp\/v2\/types\/page"}],"author":[{"embeddable":true,"href":"http:\/\/apartmentbrela.com\/de\/wp-json\/wp\/v2\/users\/1"}],"replies":[{"embeddable":true,"href":"http:\/\/apartmentbrela.com\/de\/wp-json\/wp\/v2\/comments?post=1860"}],"version-history":[{"count":1,"href":"http:\/\/apartmentbrela.com\/de\/wp-json\/wp\/v2\/pages\/1860\/revisions"}],"predecessor-version":[{"id":1862,"href":"http:\/\/apartmentbrela.com\/de\/wp-json\/wp\/v2\/pages\/1860\/revisions\/1862"}],"wp:featuredmedia":[{"embeddable":true,"href":"http:\/\/apartmentbrela.com\/de\/wp-json\/wp\/v2\/media\/2390"}],"wp:attachment":[{"href":"http:\/\/apartmentbrela.com\/de\/wp-json\/wp\/v2\/media?parent=1860"}],"curies":[{"name":"wp","href":"https:\/\/api.w.org\/{rel}","templated":true}]}}