
{"id":1870,"date":"2017-09-11T10:29:07","date_gmt":"2017-09-11T10:29:07","guid":{"rendered":"http:\/\/apartmentbrela.com\/about-brela\/"},"modified":"2017-09-25T19:46:09","modified_gmt":"2017-09-25T19:46:09","slug":"about-brela","status":"publish","type":"page","link":"http:\/\/apartmentbrela.com\/de\/about-brela\/","title":{"rendered":"\u00dcber Brela"},"content":{"rendered":"<p>[vc_row][vc_column width=&#8221;3\/4&#8243;][vc_column_text]Brela ist eine kleine touristische Ortschaft, an der Makarska Riviera gelegen. Brela hat einige Reicht\u00fcmer zu bieten: kristallklares Wasser, 6 km lange Kieselstr\u00e4nde, den Geruch und die Sch\u00f6nheit von dichtem Nadelwald, der weitgehend als gesch\u00fctztes Kulturerbe gilt, zahlreiche Spazierwege, die die Uferpromenade mit alten D\u00f6rfern verkn\u00fcpfen, die stolz auf ihre alte dalmatinische Architektur sind, bis hin zu den h\u00f6chsten Gipfeln des Biokovo-Gebirges. Aufgrund ihrer nat\u00fcrlichen und kulturellen Reicht\u00fcmer spielt Brela von der ersten Stunde an eine bedeutende Rolle im Tourismus entlang der Makarska Riviera.<\/p>\n<p>Brela setzt bis heute seine lange Tradition fort, eine behagliche Unterkunft und die Gastfreundschaft seiner Bewohner zu bieten, zu \u00fcberlieferter dalmatinischer K\u00fcche, Wein, Gesang und Unterhaltung.<\/p>\n<p>Surfen Sie auf unserer Website und erfahren Sie mehr \u00fcber Brela. \u00dcberzeugen Sie sich, warum jemand, der einmal zu Gast in Brela war, immer wieder nach Brela zur\u00fcckkehren wird!<\/p>\n<p>Die Gemeinde Brela besteht aus zwei Ortschaften:<\/p>\n<p>Gornja Brela ist in das Biokovo-Gebirge eingebettet, fast die gesamte Ortschaft befindet sich auf dem Territorium des Naturparks Biokovo. Brela hingegen besteht aus mehreren Ansiedlungen beidseitig der K\u00fcstenmagistrale, wobei Soline und Donje Selo zu den gr\u00f6\u00dften geh\u00f6ren.[\/vc_column_text][vc_empty_space]<div class=\"custom-owl\" ><div class=\"owl-carousel owl-unique-slider no-bullet \"><div class=\"item\"><img class=\"\" src=\"http:\/\/apartmentbrela.com\/wp-content\/uploads\/2017\/09\/Cvit-i-more-1.jpg\" width=\"1000\" height=\"750\" alt=\"Cvit-i-more-1\" title=\"Cvit-i-more-1\" \/><\/div>\n\n<div class=\"item\"><img class=\"\" src=\"http:\/\/apartmentbrela.com\/wp-content\/uploads\/2017\/09\/29368-2.jpg\" width=\"1000\" height=\"750\" alt=\"29368\" title=\"29368\" \/><\/div>\n\n<div class=\"item\"><img class=\"\" src=\"http:\/\/apartmentbrela.com\/wp-content\/uploads\/2017\/09\/29372-1.jpg\" width=\"1000\" height=\"750\" alt=\"29372\" title=\"29372\" \/><\/div>\n\n<div class=\"item\"><img class=\"\" src=\"http:\/\/apartmentbrela.com\/wp-content\/uploads\/2017\/09\/29366-1.jpg\" width=\"1000\" height=\"750\" alt=\"29366\" title=\"29366\" \/><\/div>\n\n<div class=\"item\"><\/div>\n\n<\/div><\/div>[vc_empty_space][\/vc_column][vc_column width=&#8221;1\/4&#8243;][vc_widget_sidebar sidebar_id=&#8221;main-sidebar&#8221;][\/vc_column][\/vc_row]<\/p>\n","protected":false},"excerpt":{"rendered":"<p>[vc_row][vc_column width=&#8221;3\/4&#8243;][vc_column_text]Brela ist eine kleine touristische Ortschaft, an der Makarska Riviera gelegen. Brela hat [&hellip;]<\/p>\n","protected":false},"author":1,"featured_media":895,"parent":0,"menu_order":0,"comment_status":"closed","ping_status":"closed","template":"","meta":[],"yoast_head":"<!-- This site is optimized with the Yoast SEO plugin v20.6 - https:\/\/yoast.com\/wordpress\/plugins\/seo\/ -->\n<title>\u00dcber Brela - Apartment Brela<\/title>\n<meta name=\"robots\" content=\"index, follow, max-snippet:-1, max-image-preview:large, max-video-preview:-1\" \/>\n<link rel=\"canonical\" href=\"https:\/\/apartmentbrela.com\/de\/about-brela\/\" \/>\n<meta property=\"og:locale\" content=\"de_DE\" \/>\n<meta property=\"og:type\" content=\"article\" \/>\n<meta property=\"og:title\" content=\"\u00dcber Brela - Apartment Brela\" \/>\n<meta property=\"og:description\" content=\"[vc_row][vc_column width=&#8221;3\/4&#8243;][vc_column_text]Brela ist eine kleine touristische Ortschaft, an der Makarska Riviera gelegen. Brela hat [&hellip;]\" \/>\n<meta property=\"og:url\" content=\"https:\/\/apartmentbrela.com\/de\/about-brela\/\" \/>\n<meta property=\"og:site_name\" content=\"Apartment Brela\" \/>\n<meta property=\"article:publisher\" content=\"https:\/\/www.facebook.com\/Apartmanistanicicbrela\/\" \/>\n<meta property=\"article:modified_time\" content=\"2017-09-25T19:46:09+00:00\" \/>\n<meta property=\"og:image\" content=\"https:\/\/apartmentbrela.com\/wp-content\/uploads\/2017\/09\/24.03.jpg\" \/>\n\t<meta property=\"og:image:width\" content=\"1920\" \/>\n\t<meta property=\"og:image:height\" content=\"962\" \/>\n\t<meta property=\"og:image:type\" content=\"image\/jpeg\" \/>\n<meta name=\"twitter:card\" content=\"summary_large_image\" \/>\n<meta name=\"twitter:label1\" content=\"Gesch\u00e4tzte Lesezeit\" \/>\n\t<meta name=\"twitter:data1\" content=\"1\u00a0Minute\" \/>\n<script type=\"application\/ld+json\" class=\"yoast-schema-graph\">{\"@context\":\"https:\/\/schema.org\",\"@graph\":[{\"@type\":\"WebPage\",\"@id\":\"https:\/\/apartmentbrela.com\/de\/about-brela\/\",\"url\":\"https:\/\/apartmentbrela.com\/de\/about-brela\/\",\"name\":\"\u00dcber Brela - Apartment Brela\",\"isPartOf\":{\"@id\":\"https:\/\/apartmentbrela.com\/#website\"},\"datePublished\":\"2017-09-11T10:29:07+00:00\",\"dateModified\":\"2017-09-25T19:46:09+00:00\",\"breadcrumb\":{\"@id\":\"https:\/\/apartmentbrela.com\/de\/about-brela\/#breadcrumb\"},\"inLanguage\":\"de\",\"potentialAction\":[{\"@type\":\"ReadAction\",\"target\":[\"https:\/\/apartmentbrela.com\/de\/about-brela\/\"]}]},{\"@type\":\"BreadcrumbList\",\"@id\":\"https:\/\/apartmentbrela.com\/de\/about-brela\/#breadcrumb\",\"itemListElement\":[{\"@type\":\"ListItem\",\"position\":1,\"name\":\"Home\",\"item\":\"http:\/\/apartmentbrela.com\/de\/\"},{\"@type\":\"ListItem\",\"position\":2,\"name\":\"\u00dcber Brela\"}]},{\"@type\":\"WebSite\",\"@id\":\"https:\/\/apartmentbrela.com\/#website\",\"url\":\"https:\/\/apartmentbrela.com\/\",\"name\":\"Apartment Brela\",\"description\":\"Mirko Stani\u010di\u0107\",\"potentialAction\":[{\"@type\":\"SearchAction\",\"target\":{\"@type\":\"EntryPoint\",\"urlTemplate\":\"https:\/\/apartmentbrela.com\/?s={search_term_string}\"},\"query-input\":\"required name=search_term_string\"}],\"inLanguage\":\"de\"}]}<\/script>\n<!-- \/ Yoast SEO plugin. -->","yoast_head_json":{"title":"\u00dcber Brela - Apartment Brela","robots":{"index":"index","follow":"follow","max-snippet":"max-snippet:-1","max-image-preview":"max-image-preview:large","max-video-preview":"max-video-preview:-1"},"canonical":"https:\/\/apartmentbrela.com\/de\/about-brela\/","og_locale":"de_DE","og_type":"article","og_title":"\u00dcber Brela - Apartment Brela","og_description":"[vc_row][vc_column width=&#8221;3\/4&#8243;][vc_column_text]Brela ist eine kleine touristische Ortschaft, an der Makarska Riviera gelegen. Brela hat [&hellip;]","og_url":"https:\/\/apartmentbrela.com\/de\/about-brela\/","og_site_name":"Apartment Brela","article_publisher":"https:\/\/www.facebook.com\/Apartmanistanicicbrela\/","article_modified_time":"2017-09-25T19:46:09+00:00","og_image":[{"width":1920,"height":962,"url":"https:\/\/apartmentbrela.com\/wp-content\/uploads\/2017\/09\/24.03.jpg","type":"image\/jpeg"}],"twitter_card":"summary_large_image","twitter_misc":{"Gesch\u00e4tzte Lesezeit":"1\u00a0Minute"},"schema":{"@context":"https:\/\/schema.org","@graph":[{"@type":"WebPage","@id":"https:\/\/apartmentbrela.com\/de\/about-brela\/","url":"https:\/\/apartmentbrela.com\/de\/about-brela\/","name":"\u00dcber Brela - Apartment Brela","isPartOf":{"@id":"https:\/\/apartmentbrela.com\/#website"},"datePublished":"2017-09-11T10:29:07+00:00","dateModified":"2017-09-25T19:46:09+00:00","breadcrumb":{"@id":"https:\/\/apartmentbrela.com\/de\/about-brela\/#breadcrumb"},"inLanguage":"de","potentialAction":[{"@type":"ReadAction","target":["https:\/\/apartmentbrela.com\/de\/about-brela\/"]}]},{"@type":"BreadcrumbList","@id":"https:\/\/apartmentbrela.com\/de\/about-brela\/#breadcrumb","itemListElement":[{"@type":"ListItem","position":1,"name":"Home","item":"http:\/\/apartmentbrela.com\/de\/"},{"@type":"ListItem","position":2,"name":"\u00dcber Brela"}]},{"@type":"WebSite","@id":"https:\/\/apartmentbrela.com\/#website","url":"https:\/\/apartmentbrela.com\/","name":"Apartment Brela","description":"Mirko Stani\u010di\u0107","potentialAction":[{"@type":"SearchAction","target":{"@type":"EntryPoint","urlTemplate":"https:\/\/apartmentbrela.com\/?s={search_term_string}"},"query-input":"required name=search_term_string"}],"inLanguage":"de"}]}},"_links":{"self":[{"href":"http:\/\/apartmentbrela.com\/de\/wp-json\/wp\/v2\/pages\/1870"}],"collection":[{"href":"http:\/\/apartmentbrela.com\/de\/wp-json\/wp\/v2\/pages"}],"about":[{"href":"http:\/\/apartmentbrela.com\/de\/wp-json\/wp\/v2\/types\/page"}],"author":[{"embeddable":true,"href":"http:\/\/apartmentbrela.com\/de\/wp-json\/wp\/v2\/users\/1"}],"replies":[{"embeddable":true,"href":"http:\/\/apartmentbrela.com\/de\/wp-json\/wp\/v2\/comments?post=1870"}],"version-history":[{"count":1,"href":"http:\/\/apartmentbrela.com\/de\/wp-json\/wp\/v2\/pages\/1870\/revisions"}],"predecessor-version":[{"id":1871,"href":"http:\/\/apartmentbrela.com\/de\/wp-json\/wp\/v2\/pages\/1870\/revisions\/1871"}],"wp:featuredmedia":[{"embeddable":true,"href":"http:\/\/apartmentbrela.com\/de\/wp-json\/wp\/v2\/media\/895"}],"wp:attachment":[{"href":"http:\/\/apartmentbrela.com\/de\/wp-json\/wp\/v2\/media?parent=1870"}],"curies":[{"name":"wp","href":"https:\/\/api.w.org\/{rel}","templated":true}]}}