
{"id":1869,"date":"2017-09-11T10:29:07","date_gmt":"2017-09-11T10:29:07","guid":{"rendered":"http:\/\/apartmentbrela.com\/about-brela\/"},"modified":"2017-09-25T19:46:35","modified_gmt":"2017-09-25T19:46:35","slug":"about-brela","status":"publish","type":"page","link":"http:\/\/apartmentbrela.com\/hr\/about-brela\/","title":{"rendered":"O Brelima"},"content":{"rendered":"<p>[vc_row][vc_column width=&#8221;3\/4&#8243;][vc_column_text]Brela su malo turisti\u010dko mjesto na Makarskoj rivijeri. Brela nude bogatstvo kristalno \u010distog mora, 6 km prirodnih \u0161ljun\u010danih pla\u017ea, miris i ljepotu guste borove \u0161ume koja je ve\u0107im dijelom za\u0161ti\u0107eni spomenik kulturne ba\u0161tine, brojne pje\u0161a\u010dke staze koje se isprepli\u0107u od \u0161etnice du\u017e mora, preko starih zaselaka koja se ponose starom dalmatinskom arhitekturom, sve do samih vrhova planine Biokovo.<\/p>\n<p>Zbog svog prirodnog i kulturnog bogatstva, Brela od samog po\u010detka igraju bitnu ulogu u turizmu Makarske rivijere. Brela i danas nastavljaju svoju dugu tradiciju ponude udobnog smje\u0161taja igostoljubivosti svog stanovni\u0161tva, stare dalmatinske kuhinje, vina, pjesme i zabave.<\/p>\n<p>Op\u0107ina Brela sastoji se od dva naselja: Brela Gornjih smje\u0161tenih u zabiokovskom prostoru, gotovo cijelo naselje je smje\u0161teno unutar Parka prirode Biokovo i naselja Brela koje se sastoji od nekoliko zaselaka s obje strane magistrale od kojih su najve\u0107i Soline i Donje Selo.[\/vc_column_text][vc_empty_space]<div class=\"custom-owl\" ><div class=\"owl-carousel owl-unique-slider no-bullet \"><div class=\"item\"><img class=\"\" src=\"http:\/\/apartmentbrela.com\/wp-content\/uploads\/2017\/09\/Cvit-i-more-1.jpg\" width=\"1000\" height=\"750\" alt=\"Cvit-i-more-1\" title=\"Cvit-i-more-1\" \/><\/div>\n\n<div class=\"item\"><img class=\"\" src=\"http:\/\/apartmentbrela.com\/wp-content\/uploads\/2017\/09\/29368-2.jpg\" width=\"1000\" height=\"750\" alt=\"29368\" title=\"29368\" \/><\/div>\n\n<div class=\"item\"><img class=\"\" src=\"http:\/\/apartmentbrela.com\/wp-content\/uploads\/2017\/09\/29372-1.jpg\" width=\"1000\" height=\"750\" alt=\"29372\" title=\"29372\" \/><\/div>\n\n<div class=\"item\"><img class=\"\" src=\"http:\/\/apartmentbrela.com\/wp-content\/uploads\/2017\/09\/29366-1.jpg\" width=\"1000\" height=\"750\" alt=\"29366\" title=\"29366\" \/><\/div>\n\n<div class=\"item\"><\/div>\n\n<\/div><\/div>[vc_empty_space][\/vc_column][vc_column width=&#8221;1\/4&#8243;][vc_widget_sidebar sidebar_id=&#8221;main-sidebar&#8221;][\/vc_column][\/vc_row]<\/p>\n","protected":false},"excerpt":{"rendered":"<p>[vc_row][vc_column width=&#8221;3\/4&#8243;][vc_column_text]Brela su malo turisti\u010dko mjesto na Makarskoj rivijeri. Brela nude bogatstvo kristalno \u010distog [&hellip;]<\/p>\n","protected":false},"author":1,"featured_media":895,"parent":0,"menu_order":0,"comment_status":"closed","ping_status":"closed","template":"","meta":[],"yoast_head":"<!-- This site is optimized with the Yoast SEO plugin v20.6 - https:\/\/yoast.com\/wordpress\/plugins\/seo\/ -->\n<title>O Brelima - Apartment Brela<\/title>\n<meta name=\"robots\" content=\"index, follow, max-snippet:-1, max-image-preview:large, max-video-preview:-1\" \/>\n<link rel=\"canonical\" href=\"http:\/\/apartmentbrela.com\/hr\/about-brela\/\" \/>\n<meta property=\"og:locale\" content=\"hr_HR\" \/>\n<meta property=\"og:type\" content=\"article\" \/>\n<meta property=\"og:title\" content=\"O Brelima - Apartment Brela\" \/>\n<meta property=\"og:description\" content=\"[vc_row][vc_column width=&#8221;3\/4&#8243;][vc_column_text]Brela su malo turisti\u010dko mjesto na Makarskoj rivijeri. Brela nude bogatstvo kristalno \u010distog [&hellip;]\" \/>\n<meta property=\"og:url\" content=\"http:\/\/apartmentbrela.com\/hr\/about-brela\/\" \/>\n<meta property=\"og:site_name\" content=\"Apartment Brela\" \/>\n<meta property=\"article:publisher\" content=\"https:\/\/www.facebook.com\/Apartmanistanicicbrela\/\" \/>\n<meta property=\"article:modified_time\" content=\"2017-09-25T19:46:35+00:00\" \/>\n<meta property=\"og:image\" content=\"http:\/\/apartmentbrela.com\/wp-content\/uploads\/2017\/09\/24.03.jpg\" \/>\n\t<meta property=\"og:image:width\" content=\"1920\" \/>\n\t<meta property=\"og:image:height\" content=\"962\" \/>\n\t<meta property=\"og:image:type\" content=\"image\/jpeg\" \/>\n<meta name=\"twitter:card\" content=\"summary_large_image\" \/>\n<meta name=\"twitter:label1\" content=\"Procijenjeno vrijeme \u010ditanja\" \/>\n\t<meta name=\"twitter:data1\" content=\"1 minuta\" \/>\n<script type=\"application\/ld+json\" class=\"yoast-schema-graph\">{\"@context\":\"https:\/\/schema.org\",\"@graph\":[{\"@type\":\"WebPage\",\"@id\":\"http:\/\/apartmentbrela.com\/hr\/about-brela\/\",\"url\":\"http:\/\/apartmentbrela.com\/hr\/about-brela\/\",\"name\":\"O Brelima - Apartment Brela\",\"isPartOf\":{\"@id\":\"https:\/\/apartmentbrela.com\/#website\"},\"datePublished\":\"2017-09-11T10:29:07+00:00\",\"dateModified\":\"2017-09-25T19:46:35+00:00\",\"breadcrumb\":{\"@id\":\"http:\/\/apartmentbrela.com\/hr\/about-brela\/#breadcrumb\"},\"inLanguage\":\"hr\",\"potentialAction\":[{\"@type\":\"ReadAction\",\"target\":[\"http:\/\/apartmentbrela.com\/hr\/about-brela\/\"]}]},{\"@type\":\"BreadcrumbList\",\"@id\":\"http:\/\/apartmentbrela.com\/hr\/about-brela\/#breadcrumb\",\"itemListElement\":[{\"@type\":\"ListItem\",\"position\":1,\"name\":\"Home\",\"item\":\"https:\/\/apartmentbrela.com\/hr\/\"},{\"@type\":\"ListItem\",\"position\":2,\"name\":\"O Brelima\"}]},{\"@type\":\"WebSite\",\"@id\":\"https:\/\/apartmentbrela.com\/#website\",\"url\":\"https:\/\/apartmentbrela.com\/\",\"name\":\"Apartment Brela\",\"description\":\"Mirko Stani\u010di\u0107\",\"potentialAction\":[{\"@type\":\"SearchAction\",\"target\":{\"@type\":\"EntryPoint\",\"urlTemplate\":\"https:\/\/apartmentbrela.com\/?s={search_term_string}\"},\"query-input\":\"required name=search_term_string\"}],\"inLanguage\":\"hr\"}]}<\/script>\n<!-- \/ Yoast SEO plugin. -->","yoast_head_json":{"title":"O Brelima - Apartment Brela","robots":{"index":"index","follow":"follow","max-snippet":"max-snippet:-1","max-image-preview":"max-image-preview:large","max-video-preview":"max-video-preview:-1"},"canonical":"http:\/\/apartmentbrela.com\/hr\/about-brela\/","og_locale":"hr_HR","og_type":"article","og_title":"O Brelima - Apartment Brela","og_description":"[vc_row][vc_column width=&#8221;3\/4&#8243;][vc_column_text]Brela su malo turisti\u010dko mjesto na Makarskoj rivijeri. Brela nude bogatstvo kristalno \u010distog [&hellip;]","og_url":"http:\/\/apartmentbrela.com\/hr\/about-brela\/","og_site_name":"Apartment Brela","article_publisher":"https:\/\/www.facebook.com\/Apartmanistanicicbrela\/","article_modified_time":"2017-09-25T19:46:35+00:00","og_image":[{"width":1920,"height":962,"url":"http:\/\/apartmentbrela.com\/wp-content\/uploads\/2017\/09\/24.03.jpg","type":"image\/jpeg"}],"twitter_card":"summary_large_image","twitter_misc":{"Procijenjeno vrijeme \u010ditanja":"1 minuta"},"schema":{"@context":"https:\/\/schema.org","@graph":[{"@type":"WebPage","@id":"http:\/\/apartmentbrela.com\/hr\/about-brela\/","url":"http:\/\/apartmentbrela.com\/hr\/about-brela\/","name":"O Brelima - Apartment Brela","isPartOf":{"@id":"https:\/\/apartmentbrela.com\/#website"},"datePublished":"2017-09-11T10:29:07+00:00","dateModified":"2017-09-25T19:46:35+00:00","breadcrumb":{"@id":"http:\/\/apartmentbrela.com\/hr\/about-brela\/#breadcrumb"},"inLanguage":"hr","potentialAction":[{"@type":"ReadAction","target":["http:\/\/apartmentbrela.com\/hr\/about-brela\/"]}]},{"@type":"BreadcrumbList","@id":"http:\/\/apartmentbrela.com\/hr\/about-brela\/#breadcrumb","itemListElement":[{"@type":"ListItem","position":1,"name":"Home","item":"https:\/\/apartmentbrela.com\/hr\/"},{"@type":"ListItem","position":2,"name":"O Brelima"}]},{"@type":"WebSite","@id":"https:\/\/apartmentbrela.com\/#website","url":"https:\/\/apartmentbrela.com\/","name":"Apartment Brela","description":"Mirko Stani\u010di\u0107","potentialAction":[{"@type":"SearchAction","target":{"@type":"EntryPoint","urlTemplate":"https:\/\/apartmentbrela.com\/?s={search_term_string}"},"query-input":"required name=search_term_string"}],"inLanguage":"hr"}]}},"_links":{"self":[{"href":"http:\/\/apartmentbrela.com\/hr\/wp-json\/wp\/v2\/pages\/1869"}],"collection":[{"href":"http:\/\/apartmentbrela.com\/hr\/wp-json\/wp\/v2\/pages"}],"about":[{"href":"http:\/\/apartmentbrela.com\/hr\/wp-json\/wp\/v2\/types\/page"}],"author":[{"embeddable":true,"href":"http:\/\/apartmentbrela.com\/hr\/wp-json\/wp\/v2\/users\/1"}],"replies":[{"embeddable":true,"href":"http:\/\/apartmentbrela.com\/hr\/wp-json\/wp\/v2\/comments?post=1869"}],"version-history":[{"count":1,"href":"http:\/\/apartmentbrela.com\/hr\/wp-json\/wp\/v2\/pages\/1869\/revisions"}],"predecessor-version":[{"id":1872,"href":"http:\/\/apartmentbrela.com\/hr\/wp-json\/wp\/v2\/pages\/1869\/revisions\/1872"}],"wp:featuredmedia":[{"embeddable":true,"href":"http:\/\/apartmentbrela.com\/hr\/wp-json\/wp\/v2\/media\/895"}],"wp:attachment":[{"href":"http:\/\/apartmentbrela.com\/hr\/wp-json\/wp\/v2\/media?parent=1869"}],"curies":[{"name":"wp","href":"https:\/\/api.w.org\/{rel}","templated":true}]}}