
{"id":1873,"date":"2017-09-11T10:49:31","date_gmt":"2017-09-11T10:49:31","guid":{"rendered":"http:\/\/apartmentbrela.com\/location\/"},"modified":"2018-10-05T07:05:12","modified_gmt":"2018-10-05T07:05:12","slug":"location","status":"publish","type":"page","link":"http:\/\/apartmentbrela.com\/hr\/location\/","title":{"rendered":"Lokacija"},"content":{"rendered":"<p>[vc_row][vc_column width=&#8221;3\/4&#8243;][vc_column_text]Do Brela mo\u017eete do\u0107i autocestom A1 iz smjera Zagreba. Izi\u0111ite na izlazu \u0160estanovac i vozite 10 km preko naselja Gornja Brela do kri\u017eanja sa Jadranskom magistralom, te nastavite 3 km prema Brelima. Na glavnom raskri\u017eju u mjestu skrenite desno prema centru (Soline) i vozite ne\u0161to manje od 2 km do crkve Gospe od Karmela na raskri\u017eju. Nastaviti voziti 20-ak metara naprijed, Apartmani Mirko Stani\u010di\u0107 su druga ku\u0107a s desne strane. Dobro do\u0161li!<\/p>\n<p>&nbsp;<\/p>\n<p>UDALJENOSTI<\/p>\n<p>Split (aerodrom): 75 km<br \/>\nMakarska: 12 km<br \/>\nPla\u017ea: \u00a0100 metara<br \/>\nGolf teren (Posu\u0161je): 60 km[\/vc_column_text][vc_empty_space][vc_column_text]<iframe loading=\"lazy\" style=\"border: 0;\" src=\"https:\/\/www.google.com\/maps\/embed?pb=!1m18!1m12!1m3!1d2900.4207364707786!2d16.92873391578484!3d43.368225979132234!2m3!1f0!2f0!3f0!3m2!1i1024!2i768!4f13.1!3m3!1m2!1s0x134aeb437053dc47%3A0x282a2c93e46d3f33!2sBiskupa+Biankovi%C4%87a+1%2C+21322%2C+Brela%2C+Croatia!5e0!3m2!1sen!2sus!4v1538723028303\" width=\"100%\" height=\"450\" frameborder=\"0\" allowfullscreen=\"allowfullscreen\"><\/iframe>[\/vc_column_text][\/vc_column][vc_column width=&#8221;1\/4&#8243;][vc_widget_sidebar sidebar_id=&#8221;main-sidebar&#8221;][\/vc_column][\/vc_row]<\/p>\n","protected":false},"excerpt":{"rendered":"<p>[vc_row][vc_column width=&#8221;3\/4&#8243;][vc_column_text]Do Brela mo\u017eete do\u0107i autocestom A1 iz smjera Zagreba. Izi\u0111ite na izlazu \u0160estanovac [&hellip;]<\/p>\n","protected":false},"author":1,"featured_media":2389,"parent":0,"menu_order":0,"comment_status":"closed","ping_status":"closed","template":"","meta":[],"yoast_head":"<!-- This site is optimized with the Yoast SEO plugin v20.6 - https:\/\/yoast.com\/wordpress\/plugins\/seo\/ -->\n<title>Lokacija - Apartment Brela<\/title>\n<meta name=\"robots\" content=\"index, follow, max-snippet:-1, max-image-preview:large, max-video-preview:-1\" \/>\n<link rel=\"canonical\" href=\"http:\/\/apartmentbrela.com\/hr\/location\/\" \/>\n<meta property=\"og:locale\" content=\"hr_HR\" \/>\n<meta property=\"og:type\" content=\"article\" \/>\n<meta property=\"og:title\" content=\"Lokacija - Apartment Brela\" \/>\n<meta property=\"og:description\" content=\"[vc_row][vc_column width=&#8221;3\/4&#8243;][vc_column_text]Do Brela mo\u017eete do\u0107i autocestom A1 iz smjera Zagreba. Izi\u0111ite na izlazu \u0160estanovac [&hellip;]\" \/>\n<meta property=\"og:url\" content=\"http:\/\/apartmentbrela.com\/hr\/location\/\" \/>\n<meta property=\"og:site_name\" content=\"Apartment Brela\" \/>\n<meta property=\"article:publisher\" content=\"https:\/\/www.facebook.com\/Apartmanistanicicbrela\/\" \/>\n<meta property=\"article:modified_time\" content=\"2018-10-05T07:05:12+00:00\" \/>\n<meta property=\"og:image\" content=\"http:\/\/apartmentbrela.com\/wp-content\/uploads\/2017\/09\/24.03-1.jpg\" \/>\n\t<meta property=\"og:image:width\" content=\"1920\" \/>\n\t<meta property=\"og:image:height\" content=\"962\" \/>\n\t<meta property=\"og:image:type\" content=\"image\/jpeg\" \/>\n<meta name=\"twitter:card\" content=\"summary_large_image\" \/>\n<meta name=\"twitter:label1\" content=\"Procijenjeno vrijeme \u010ditanja\" \/>\n\t<meta name=\"twitter:data1\" content=\"1 minuta\" \/>\n<script type=\"application\/ld+json\" class=\"yoast-schema-graph\">{\"@context\":\"https:\/\/schema.org\",\"@graph\":[{\"@type\":\"WebPage\",\"@id\":\"http:\/\/apartmentbrela.com\/hr\/location\/\",\"url\":\"http:\/\/apartmentbrela.com\/hr\/location\/\",\"name\":\"Lokacija - Apartment Brela\",\"isPartOf\":{\"@id\":\"https:\/\/apartmentbrela.com\/#website\"},\"datePublished\":\"2017-09-11T10:49:31+00:00\",\"dateModified\":\"2018-10-05T07:05:12+00:00\",\"breadcrumb\":{\"@id\":\"http:\/\/apartmentbrela.com\/hr\/location\/#breadcrumb\"},\"inLanguage\":\"hr\",\"potentialAction\":[{\"@type\":\"ReadAction\",\"target\":[\"http:\/\/apartmentbrela.com\/hr\/location\/\"]}]},{\"@type\":\"BreadcrumbList\",\"@id\":\"http:\/\/apartmentbrela.com\/hr\/location\/#breadcrumb\",\"itemListElement\":[{\"@type\":\"ListItem\",\"position\":1,\"name\":\"Home\",\"item\":\"https:\/\/apartmentbrela.com\/hr\/\"},{\"@type\":\"ListItem\",\"position\":2,\"name\":\"Lokacija\"}]},{\"@type\":\"WebSite\",\"@id\":\"https:\/\/apartmentbrela.com\/#website\",\"url\":\"https:\/\/apartmentbrela.com\/\",\"name\":\"Apartment Brela\",\"description\":\"Mirko Stani\u010di\u0107\",\"potentialAction\":[{\"@type\":\"SearchAction\",\"target\":{\"@type\":\"EntryPoint\",\"urlTemplate\":\"https:\/\/apartmentbrela.com\/?s={search_term_string}\"},\"query-input\":\"required name=search_term_string\"}],\"inLanguage\":\"hr\"}]}<\/script>\n<!-- \/ Yoast SEO plugin. -->","yoast_head_json":{"title":"Lokacija - Apartment Brela","robots":{"index":"index","follow":"follow","max-snippet":"max-snippet:-1","max-image-preview":"max-image-preview:large","max-video-preview":"max-video-preview:-1"},"canonical":"http:\/\/apartmentbrela.com\/hr\/location\/","og_locale":"hr_HR","og_type":"article","og_title":"Lokacija - Apartment Brela","og_description":"[vc_row][vc_column width=&#8221;3\/4&#8243;][vc_column_text]Do Brela mo\u017eete do\u0107i autocestom A1 iz smjera Zagreba. Izi\u0111ite na izlazu \u0160estanovac [&hellip;]","og_url":"http:\/\/apartmentbrela.com\/hr\/location\/","og_site_name":"Apartment Brela","article_publisher":"https:\/\/www.facebook.com\/Apartmanistanicicbrela\/","article_modified_time":"2018-10-05T07:05:12+00:00","og_image":[{"width":1920,"height":962,"url":"http:\/\/apartmentbrela.com\/wp-content\/uploads\/2017\/09\/24.03-1.jpg","type":"image\/jpeg"}],"twitter_card":"summary_large_image","twitter_misc":{"Procijenjeno vrijeme \u010ditanja":"1 minuta"},"schema":{"@context":"https:\/\/schema.org","@graph":[{"@type":"WebPage","@id":"http:\/\/apartmentbrela.com\/hr\/location\/","url":"http:\/\/apartmentbrela.com\/hr\/location\/","name":"Lokacija - Apartment Brela","isPartOf":{"@id":"https:\/\/apartmentbrela.com\/#website"},"datePublished":"2017-09-11T10:49:31+00:00","dateModified":"2018-10-05T07:05:12+00:00","breadcrumb":{"@id":"http:\/\/apartmentbrela.com\/hr\/location\/#breadcrumb"},"inLanguage":"hr","potentialAction":[{"@type":"ReadAction","target":["http:\/\/apartmentbrela.com\/hr\/location\/"]}]},{"@type":"BreadcrumbList","@id":"http:\/\/apartmentbrela.com\/hr\/location\/#breadcrumb","itemListElement":[{"@type":"ListItem","position":1,"name":"Home","item":"https:\/\/apartmentbrela.com\/hr\/"},{"@type":"ListItem","position":2,"name":"Lokacija"}]},{"@type":"WebSite","@id":"https:\/\/apartmentbrela.com\/#website","url":"https:\/\/apartmentbrela.com\/","name":"Apartment Brela","description":"Mirko Stani\u010di\u0107","potentialAction":[{"@type":"SearchAction","target":{"@type":"EntryPoint","urlTemplate":"https:\/\/apartmentbrela.com\/?s={search_term_string}"},"query-input":"required name=search_term_string"}],"inLanguage":"hr"}]}},"_links":{"self":[{"href":"http:\/\/apartmentbrela.com\/hr\/wp-json\/wp\/v2\/pages\/1873"}],"collection":[{"href":"http:\/\/apartmentbrela.com\/hr\/wp-json\/wp\/v2\/pages"}],"about":[{"href":"http:\/\/apartmentbrela.com\/hr\/wp-json\/wp\/v2\/types\/page"}],"author":[{"embeddable":true,"href":"http:\/\/apartmentbrela.com\/hr\/wp-json\/wp\/v2\/users\/1"}],"replies":[{"embeddable":true,"href":"http:\/\/apartmentbrela.com\/hr\/wp-json\/wp\/v2\/comments?post=1873"}],"version-history":[{"count":2,"href":"http:\/\/apartmentbrela.com\/hr\/wp-json\/wp\/v2\/pages\/1873\/revisions"}],"predecessor-version":[{"id":2279,"href":"http:\/\/apartmentbrela.com\/hr\/wp-json\/wp\/v2\/pages\/1873\/revisions\/2279"}],"wp:featuredmedia":[{"embeddable":true,"href":"http:\/\/apartmentbrela.com\/hr\/wp-json\/wp\/v2\/media\/2389"}],"wp:attachment":[{"href":"http:\/\/apartmentbrela.com\/hr\/wp-json\/wp\/v2\/media?parent=1873"}],"curies":[{"name":"wp","href":"https:\/\/api.w.org\/{rel}","templated":true}]}}