
{"id":1886,"date":"2016-11-18T13:35:17","date_gmt":"2016-11-18T13:35:17","guid":{"rendered":"http:\/\/apartmentbrela.com\/modern-home-page\/"},"modified":"2022-11-24T11:59:26","modified_gmt":"2022-11-24T11:59:26","slug":"pocetna","status":"publish","type":"page","link":"http:\/\/apartmentbrela.com\/hr\/","title":{"rendered":"Po\u010detna"},"content":{"rendered":"<p>[vc_row full_width=&#8221;stretch_row_content_no_spaces&#8221;][vc_column]<div class=\"luxen-home-slider\">    <ul class=\"owl-carousel owl-home-slider\">      <li>        <div class=\"slider-textbox clearfix\">         <div class=\"container txttop\">               <div class=\"row\">                   <div class=\"slider-bar pull-left\">Apartmani Mirko Stani\u010di\u0107<\/div>                   <div class=\"slider-triangle pull-left\"><\/div>               <\/div>           <\/div>            <div class=\"container txtbttm\">                <div class=\"row\">                    <div class=\"slider-bar-under pull-left\">BRELA                    <\/div>                    <div class=\"slider-triangle-under pull-left\"><\/div>                <\/div>            <\/div>          <\/div>          <img alt=\"Slider Images\" class=\"img-responsive\" src=\"http:\/\/apartmentbrela.com\/wp-content\/uploads\/2017\/09\/Cvit-i-more-1-1-1920x968.jpg\" \/>        <\/li>      <li>        <div class=\"slider-textbox clearfix\">          <\/div>          <img alt=\"Slider Images\" class=\"img-responsive\" src=\"http:\/\/apartmentbrela.com\/wp-content\/uploads\/2017\/09\/apartment-brela-3-1920x800.jpg\" \/>        <\/li>      <li>        <div class=\"slider-textbox clearfix\">          <\/div>          <img alt=\"Slider Images\" class=\"img-responsive\" src=\"http:\/\/apartmentbrela.com\/wp-content\/uploads\/2017\/09\/3-2-1920x924.jpg\" \/>        <\/li>      <li>        <div class=\"slider-textbox clearfix\">          <\/div>          <img alt=\"Slider Images\" class=\"img-responsive\" src=\"http:\/\/apartmentbrela.com\/wp-content\/uploads\/2017\/10\/apartmentbrela4.jpg\" \/>        <\/li>      <li>        <div class=\"slider-textbox clearfix\">          <\/div>          <img alt=\"Slider Images\" class=\"img-responsive\" src=\"http:\/\/apartmentbrela.com\/wp-content\/uploads\/2017\/09\/apartmentbrela5-1920x800.jpg\" \/>        <\/li>      <\/ul>  <\/div>[\/vc_column][\/vc_row][vc_row full_width=&#8221;stretch_row&#8221;][vc_column][vc_empty_space height=&#8221;50px&#8221;][vc_column_text]<\/p>\n<h1 style=\"text-align: center; font-size: 32px !important;\">Dobrodo\u0161li u Brela<\/h1>\n<p>[\/vc_column_text][vc_empty_space height=&#8221;15px&#8221;][vc_row_inner css=&#8221;.vc_custom_1479986647437{padding-right: 17% !important;padding-left: 17% !important;}&#8221;][vc_column_inner][vc_custom_heading text=&#8221;Apartmani Stani\u010di\u0107 se nalaze u Brelima, u centru mjesta. Turizmom se bavimo od 1964. godine, a 2005.i 2017. godine ku\u0107a je kompletno renovirana i adaptirana. Ku\u0107a se nalazi u predjelu Soline, pored hotela Soline, udaljena cca 100 m od pla\u017ee i cca 100 metara od centra gdje se nalazi market, po\u0161ta, restorani, lu\u010dica.<br \/>\nU neposrednoj blizini ku\u0107e nalazi se: ljekarna, pekara, mini market, bankomat, cafe- pizeria.<br \/>\nGostima nudimo smje\u0161taj u komfornim, klimatiziranim apartmanima i sobama sa SAT TV.<br \/>\nWi-fi je dostupan u cijelom objektu.<br \/>\nParkirali\u0161te se nalazi iza ku\u0107e.&#8221; font_container=&#8221;tag:p|font_size:18px|text_align:center|color:%23333333|line_height:34px&#8221; google_fonts=&#8221;font_family:Playfair%20Display%3Aregular%2Citalic%2C700%2C700italic%2C900%2C900italic|font_style:400%20regular%3A400%3Anormal&#8221;][\/vc_column_inner][\/vc_row_inner][vc_empty_space height=&#8221;30px&#8221;][vc_column_text]<\/p>\n<div style=\"text-align: center; width: 100%;\"><a style=\"display: inline-block; text-align: center;\" href=\"https:\/\/www.facebook.com\/Apartmanistanicicbrela\/\" target=\"_blank\" rel=\"noopener\"><img decoding=\"async\" src=\"http:\/\/apartmentbrela.com\/wp-content\/uploads\/2017\/09\/unnamed.png \" \/><br \/>\n<\/a><\/div>\n<p>[\/vc_column_text][vc_empty_space height=&#8221;60px&#8221;][\/vc_column][\/vc_row][vc_row][vc_column][vc_empty_space height=&#8221;90px&#8221;][\/vc_column][\/vc_row][vc_row full_width=&#8221;stretch_row&#8221; css=&#8221;.vc_custom_1505900602779{padding-top: 30px !important;padding-bottom: 30px !important;background-color: #4484bf !important;}&#8221;][vc_column width=&#8221;1\/3&#8243;]\n\t\t\t<div class=\"flip-container flipspace clearfix\"><div class=\"flipper\">  <div class=\"support-box pos-center front\">    <div class=\"support-box-title\"><i class=\"fa fa-phone\"><\/i><\/div>      <h3>NAZOVITE NAS<\/h3>      <p class=\"margint20\">Za daljnje informacije molimo nazovite nas na telefon<\/p>    <\/div>    <div class=\"support-box pos-center back\">      <div class=\"support-box-title\"><i class=\"fa fa-phone\"><\/i><\/div>        <h3>TELEFON<\/h3>        <p class=\"margint20\">+385 (0)21 619 063; +385 (0)98 603 467<\/p>      <\/div>   <\/div><\/div>[\/vc_column][vc_column width=&#8221;1\/3&#8243;]\n\t\t\t<div class=\"flip-container flipspace clearfix\"><div class=\"flipper\">  <div class=\"support-box pos-center front\">    <div class=\"support-box-title\"><i class=\"fa fa-envelope-o\"><\/i><\/div>      <h3>PO\u0160ALJITE EMAIL<\/h3>      <p class=\"margint20\">Ako se \u017eelite raspitati, slobodno nam po\u0161aljite email<\/p>    <\/div>    <div class=\"support-box pos-center back\">      <div class=\"support-box-title\"><i class=\"fa fa-envelope-o\"><\/i><\/div>        <h3>E-MAIL ADRESA<\/h3>        <p class=\"margint20\">info@apartmentbrela.com<\/p>      <\/div>   <\/div><\/div>[\/vc_column][vc_column width=&#8221;1\/3&#8243;]\n\t\t\t<div class=\"flip-container flipspace clearfix\"><div class=\"flipper\">  <div class=\"support-box pos-center front\">    <div class=\"support-box-title\"><i class=\"fa fa-home\"><\/i><\/div>      <h3>POSJETITE NAS<\/h3>      <p class=\"margint20\">Budite sigurni da \u0107emo vam omogu\u010diti savr\u0161eno mjesto za odmor<\/p>    <\/div>    <div class=\"support-box pos-center back\">      <div class=\"support-box-title\"><i class=\"fa fa-home\"><\/i><\/div>        <h3>ADRESA<\/h3>        <p class=\"margint20\">Biskupa Bijankovi\u0107a 1, Brela 21322, Hrvatska<\/p>      <\/div>   <\/div><\/div>[\/vc_column][\/vc_row][vc_row full_width=&#8221;stretch_row&#8221; parallax=&#8221;content-moving&#8221; parallax_image=&#8221;899&#8243;][vc_column][vc_empty_space height=&#8221;105px&#8221;][vc_custom_heading text=&#8221;Vi zaslu\u017eujete udoban smje\u0161taj<br \/>\ns obitelji&#8221; font_container=&#8221;tag:p|font_size:45px|text_align:center|color:%23ffffff|line_height:55px&#8221; google_fonts=&#8221;font_family:Playfair%20Display%3Aregular%2Citalic%2C700%2C700italic%2C900%2C900italic|font_style:400%20regular%3A400%3Anormal&#8221;][vc_empty_space height=&#8221;10px&#8221;][vc_btn title=&#8221;Pogledajte na\u0161e sobe i apartmane&#8221; style=&#8221;flat&#8221; color=&#8221;primary&#8221; align=&#8221;center&#8221; link=&#8221;url:%2Fhr%2Fapartments-rooms%2F|||&#8221;][vc_empty_space height=&#8221;105px&#8221;][\/vc_column][\/vc_row]<\/p>\n","protected":false},"excerpt":{"rendered":"<p>[vc_row full_width=&#8221;stretch_row_content_no_spaces&#8221;][vc_column][\/vc_column][\/vc_row][vc_row full_width=&#8221;stretch_row&#8221;][vc_column][vc_empty_space height=&#8221;50px&#8221;][vc_column_text] Dobrodo\u0161li u Brela [\/vc_column_text][vc_empty_space height=&#8221;15px&#8221;][vc_row_inner css=&#8221;.vc_custom_1479986647437{padding-right: 17% !important;padding-left: 17% !important;}&#8221;][vc_column_inner][vc_custom_heading [&hellip;]<\/p>\n","protected":false},"author":1,"featured_media":0,"parent":0,"menu_order":0,"comment_status":"closed","ping_status":"closed","template":"","meta":[],"yoast_head":"<!-- This site is optimized with the Yoast SEO plugin v20.6 - https:\/\/yoast.com\/wordpress\/plugins\/seo\/ -->\n<title>Apartmani Brela Stani\u010di\u0107 - Dobrodo\u0161li u Brela!<\/title>\n<meta name=\"description\" content=\"Apartmani Brela Stani\u010di\u0107 se nalaze u Brelima, u centru mjesta, predio Soline. Turizmom se bavimo od 1964. godine. Dobrodo\u0161li!\" \/>\n<meta name=\"robots\" content=\"index, follow, max-snippet:-1, max-image-preview:large, max-video-preview:-1\" \/>\n<link rel=\"canonical\" href=\"https:\/\/apartmentbrela.com\/hr\/\" \/>\n<meta property=\"og:locale\" content=\"hr_HR\" \/>\n<meta property=\"og:type\" content=\"article\" \/>\n<meta property=\"og:title\" content=\"Apartmani Brela Stani\u010di\u0107 - Dobrodo\u0161li u Brela!\" \/>\n<meta property=\"og:description\" content=\"Apartmani Brela Stani\u010di\u0107 se nalaze u Brelima, u centru mjesta, predio Soline. Turizmom se bavimo od 1964. godine. Dobrodo\u0161li!\" \/>\n<meta property=\"og:url\" content=\"https:\/\/apartmentbrela.com\/hr\/\" \/>\n<meta property=\"og:site_name\" content=\"Apartment Brela\" \/>\n<meta property=\"article:publisher\" content=\"https:\/\/www.facebook.com\/Apartmanistanicicbrela\/\" \/>\n<meta property=\"article:modified_time\" content=\"2022-11-24T11:59:26+00:00\" \/>\n<meta name=\"twitter:card\" content=\"summary_large_image\" \/>\n<meta name=\"twitter:label1\" content=\"Procijenjeno vrijeme \u010ditanja\" \/>\n\t<meta name=\"twitter:data1\" content=\"2 minute\" \/>\n<script type=\"application\/ld+json\" class=\"yoast-schema-graph\">{\"@context\":\"https:\/\/schema.org\",\"@graph\":[{\"@type\":\"WebPage\",\"@id\":\"https:\/\/apartmentbrela.com\/hr\/\",\"url\":\"https:\/\/apartmentbrela.com\/hr\/\",\"name\":\"Apartmani Brela Stani\u010di\u0107 - Dobrodo\u0161li u Brela!\",\"isPartOf\":{\"@id\":\"https:\/\/apartmentbrela.com\/de\/#website\"},\"datePublished\":\"2016-11-18T13:35:17+00:00\",\"dateModified\":\"2022-11-24T11:59:26+00:00\",\"description\":\"Apartmani Brela Stani\u010di\u0107 se nalaze u Brelima, u centru mjesta, predio Soline. Turizmom se bavimo od 1964. godine. Dobrodo\u0161li!\",\"breadcrumb\":{\"@id\":\"https:\/\/apartmentbrela.com\/hr\/#breadcrumb\"},\"inLanguage\":\"hr\",\"potentialAction\":[{\"@type\":\"ReadAction\",\"target\":[\"https:\/\/apartmentbrela.com\/hr\/\"]}]},{\"@type\":\"BreadcrumbList\",\"@id\":\"https:\/\/apartmentbrela.com\/hr\/#breadcrumb\",\"itemListElement\":[{\"@type\":\"ListItem\",\"position\":1,\"name\":\"Home\",\"item\":\"https:\/\/apartmentbrela.com\/hr\/\"},{\"@type\":\"ListItem\",\"position\":2,\"name\":\"Po\u010detna\"}]},{\"@type\":\"WebSite\",\"@id\":\"https:\/\/apartmentbrela.com\/de\/#website\",\"url\":\"https:\/\/apartmentbrela.com\/de\/\",\"name\":\"Apartment Brela\",\"description\":\"Mirko Stani\u010di\u0107\",\"potentialAction\":[{\"@type\":\"SearchAction\",\"target\":{\"@type\":\"EntryPoint\",\"urlTemplate\":\"https:\/\/apartmentbrela.com\/de\/?s={search_term_string}\"},\"query-input\":\"required name=search_term_string\"}],\"inLanguage\":\"hr\"}]}<\/script>\n<!-- \/ Yoast SEO plugin. -->","yoast_head_json":{"title":"Apartmani Brela Stani\u010di\u0107 - Dobrodo\u0161li u Brela!","description":"Apartmani Brela Stani\u010di\u0107 se nalaze u Brelima, u centru mjesta, predio Soline. Turizmom se bavimo od 1964. godine. Dobrodo\u0161li!","robots":{"index":"index","follow":"follow","max-snippet":"max-snippet:-1","max-image-preview":"max-image-preview:large","max-video-preview":"max-video-preview:-1"},"canonical":"https:\/\/apartmentbrela.com\/hr\/","og_locale":"hr_HR","og_type":"article","og_title":"Apartmani Brela Stani\u010di\u0107 - Dobrodo\u0161li u Brela!","og_description":"Apartmani Brela Stani\u010di\u0107 se nalaze u Brelima, u centru mjesta, predio Soline. Turizmom se bavimo od 1964. godine. Dobrodo\u0161li!","og_url":"https:\/\/apartmentbrela.com\/hr\/","og_site_name":"Apartment Brela","article_publisher":"https:\/\/www.facebook.com\/Apartmanistanicicbrela\/","article_modified_time":"2022-11-24T11:59:26+00:00","twitter_card":"summary_large_image","twitter_misc":{"Procijenjeno vrijeme \u010ditanja":"2 minute"},"schema":{"@context":"https:\/\/schema.org","@graph":[{"@type":"WebPage","@id":"https:\/\/apartmentbrela.com\/hr\/","url":"https:\/\/apartmentbrela.com\/hr\/","name":"Apartmani Brela Stani\u010di\u0107 - Dobrodo\u0161li u Brela!","isPartOf":{"@id":"https:\/\/apartmentbrela.com\/de\/#website"},"datePublished":"2016-11-18T13:35:17+00:00","dateModified":"2022-11-24T11:59:26+00:00","description":"Apartmani Brela Stani\u010di\u0107 se nalaze u Brelima, u centru mjesta, predio Soline. Turizmom se bavimo od 1964. godine. Dobrodo\u0161li!","breadcrumb":{"@id":"https:\/\/apartmentbrela.com\/hr\/#breadcrumb"},"inLanguage":"hr","potentialAction":[{"@type":"ReadAction","target":["https:\/\/apartmentbrela.com\/hr\/"]}]},{"@type":"BreadcrumbList","@id":"https:\/\/apartmentbrela.com\/hr\/#breadcrumb","itemListElement":[{"@type":"ListItem","position":1,"name":"Home","item":"https:\/\/apartmentbrela.com\/hr\/"},{"@type":"ListItem","position":2,"name":"Po\u010detna"}]},{"@type":"WebSite","@id":"https:\/\/apartmentbrela.com\/de\/#website","url":"https:\/\/apartmentbrela.com\/de\/","name":"Apartment Brela","description":"Mirko Stani\u010di\u0107","potentialAction":[{"@type":"SearchAction","target":{"@type":"EntryPoint","urlTemplate":"https:\/\/apartmentbrela.com\/de\/?s={search_term_string}"},"query-input":"required name=search_term_string"}],"inLanguage":"hr"}]}},"_links":{"self":[{"href":"http:\/\/apartmentbrela.com\/hr\/wp-json\/wp\/v2\/pages\/1886"}],"collection":[{"href":"http:\/\/apartmentbrela.com\/hr\/wp-json\/wp\/v2\/pages"}],"about":[{"href":"http:\/\/apartmentbrela.com\/hr\/wp-json\/wp\/v2\/types\/page"}],"author":[{"embeddable":true,"href":"http:\/\/apartmentbrela.com\/hr\/wp-json\/wp\/v2\/users\/1"}],"replies":[{"embeddable":true,"href":"http:\/\/apartmentbrela.com\/hr\/wp-json\/wp\/v2\/comments?post=1886"}],"version-history":[{"count":11,"href":"http:\/\/apartmentbrela.com\/hr\/wp-json\/wp\/v2\/pages\/1886\/revisions"}],"predecessor-version":[{"id":2375,"href":"http:\/\/apartmentbrela.com\/hr\/wp-json\/wp\/v2\/pages\/1886\/revisions\/2375"}],"wp:attachment":[{"href":"http:\/\/apartmentbrela.com\/hr\/wp-json\/wp\/v2\/media?parent=1886"}],"curies":[{"name":"wp","href":"https:\/\/api.w.org\/{rel}","templated":true}]}}